{"id":1033,"date":"2022-11-14T10:30:01","date_gmt":"2022-11-14T10:30:01","guid":{"rendered":"https:\/\/elearning.youthasd.eu\/registration\/"},"modified":"2023-11-27T12:01:21","modified_gmt":"2023-11-27T12:01:21","slug":"registration","status":"publish","type":"page","link":"https:\/\/elearning.youthasd.eu\/da\/registration\/","title":{"rendered":"Registrere"},"content":{"rendered":"<div class=\"learndash-wrap\">\n\t<div class=\"learndash-wrapper\">\n\n\t<div id=\"learndash-registration-wrapper\" >\n\n\t\n\t<p class=\"registration-login\">Har du allerede en konto? <a class=\"registration-login-link\" href=\"\">Log ind<\/a><\/p><div class=\"registration-login-form\" style=\"display: none;\"><form name=\"loginform\" id=\"loginform\" action=\"https:\/\/elearning.youthasd.eu\/da\/wp-login.php\" method=\"post\"><input id=\"learndash-login-form\" type=\"hidden\" name=\"learndash-login-form\" value=\"8592355af1\" \/><p class=\"login-username\">\n\t\t\t\t<label for=\"user_login\">Brugernavn eller e-mailadresse<\/label>\n\t\t\t\t<input type=\"text\" name=\"log\" id=\"user_login\" autocomplete=\"username\" class=\"input\" value=\"\" size=\"20\" \/>\n\t\t\t<\/p><p class=\"login-password\">\n\t\t\t\t<label for=\"user_pass\">Adgangskode<\/label>\n\t\t\t\t<input type=\"password\" name=\"pwd\" id=\"user_pass\" autocomplete=\"current-password\" spellcheck=\"false\" class=\"input\" value=\"\" size=\"20\" \/>\n\t\t\t<\/p>\t\t<div id=\"cf-turnstile-1165546788\"\r\n\t\tclass=\"cf-turnstile\" \t\tdata-sitekey=\"0x4AAAAAACzkLLO5WALcYLQz\"\r\n\t\tdata-theme=\"light\"\r\n\t\tdata-language=\"auto\"\r\n\t\tdata-size=\"normal\"\r\n\t\tdata-retry=\"auto\" data-retry-interval=\"1000\"\r\n\t\tdata-refresh-expired=\"auto\"\r\n\t\tdata-refresh-timeout=\"auto\"\r\n\t\tdata-action=\"wordpress-login\"\r\n\t\tdata-callback=\"turnstileWPCallback\"\r\n\t\t\t\tdata-appearance=\"always\"><\/div>\r\n\t\t\t<script>document.addEventListener(\"DOMContentLoaded\", function() { setTimeout(function(){ var e=document.getElementById(\"cf-turnstile-1165546788\"); if(e&&!e.innerHTML.trim()){turnstile.render(e, {sitekey:\"0x4AAAAAACzkLLO5WALcYLQz\"});} }, 200); });<\/script>\r\n\t\t\t<br class=\"cf-turnstile-br cf-turnstile-br-1165546788\">\r\n\t\t\t\t<style>#cf-turnstile-1165546788 { margin-left: -15px; }<\/style>\r\n\t\t<p class=\"login-remember\"><label><input name=\"rememberme\" type=\"checkbox\" id=\"rememberme\" value=\"forever\" \/> Husk mig<\/label><\/p><p class=\"login-submit\">\n\t\t\t\t<input type=\"submit\" name=\"wp-submit\" id=\"wp-submit\" class=\"button button-primary\" value=\"Log ind\" \/>\n\t\t\t\t<input type=\"hidden\" name=\"redirect_to\" value=\"https:\/\/elearning.youthasd.eu\/da\/registration\/\" \/>\n\t\t\t<\/p><\/form><\/div><p class=\"show-register-form\" style=\"display: none;\"><a href=\"\">Show registration form<\/a><\/p>\t\t\t\t<form name=\"learndash_registerform\" id=\"learndash_registerform\" class=\"ldregister\" action=\"https:\/\/elearning.youthasd.eu\/da\/wp-login.php?action=register\" method=\"post\">\n\t\t\t\t<p class=\"learndash-registration-field learndash-registration-field-username learndash-required\"><label for=\"username\">Brugernavn <span class=\"learndash-required-field\">*<\/span><\/label>\n\t\t\t\t\t\t<input aria-required=&quot;true&quot; type=\"text\" id=\"username\" name=\"user_login\" value=\"\" \/><\/p><p class=\"learndash-registration-field learndash-registration-field-email learndash-required\"><label for=\"email\">E-mailadresse <span class=\"learndash-required-field\">*<\/span><\/label>\n\t\t\t\t\t\t<input aria-required=&quot;true&quot; type=\"text\" id=\"email\" name=\"user_email\" value=\"\" \/><\/p><p class=\"learndash-registration-field learndash-registration-field-first_name learndash-required\"><label for=\"first_name\">Fornavn <span class=\"learndash-required-field\">*<\/span><\/label>\n\t\t\t\t\t\t<input aria-required=&quot;true&quot; type=\"text\" id=\"first_name\" name=\"first_name\" value=\"\" \/><\/p><p class=\"learndash-registration-field learndash-registration-field-last_name learndash-required\"><label for=\"last_name\">Efternavn <span class=\"learndash-required-field\">*<\/span><\/label>\n\t\t\t\t\t\t<input aria-required=&quot;true&quot; type=\"text\" id=\"last_name\" name=\"last_name\" value=\"\" \/><\/p><p class=\"learndash-registration-field learndash-registration-field-password learndash-required\"><label for=\"password\">Adgangskode <span class=\"learndash-required-field\">*<\/span><\/label>\n\t\t\t\t\t\t<input aria-required=&quot;true&quot; type=\"password\" id=\"password\" name=\"password\" value=\"\" \/><\/p><p class=\"learndash-registration-field learndash-registration-field-confirmpassword learndash-required\"><label for=\"confirm_password\">Bekr\u00e6ft password\n <span class=\"learndash-required-field\">*<\/span><\/label><input aria-required=&quot;true&quot; type=\"password\" id=\"confirm_password\" name=\"confirm_password\" \/><\/p>\t<div id=\"acf-form-data\" class=\"acf-hidden\">\n\t\t<input type=\"hidden\" id=\"_acf_screen\" name=\"_acf_screen\" value=\"user\"\/><input type=\"hidden\" id=\"_acf_post_id\" name=\"_acf_post_id\" value=\"user_0\"\/><input type=\"hidden\" id=\"_acf_validation\" name=\"_acf_validation\" value=\"0\"\/><input type=\"hidden\" id=\"_acf_nonce\" name=\"_acf_nonce\" value=\"85566947e6\"\/><input type=\"hidden\" id=\"_acf_changed\" name=\"_acf_changed\" value=\"0\"\/>\t<\/div>\n\t<h2>User Fields<\/h2><div class=\"acf-user-register-fields acf-fields -clear\"><div class=\"acf-field acf-field-country acf-field-63722e70c035f is-required\" data-name=\"user_country\" data-type=\"country\" data-key=\"field_63722e70c035f\" data-required=\"1\">\n<div class=\"acf-label\">\n<label for=\"acf-field_63722e70c035f\">Country <span class=\"acf-required\">*<\/span><\/label><\/div>\n<div class=\"acf-input\">\n<input type=\"hidden\" id=\"acf-field_63722e70c035f-input\" name=\"acf[field_63722e70c035f]\"\/><select id=\"acf-field_63722e70c035f\" class=\"\" name=\"acf[field_63722e70c035f]\" data-ui=\"1\" data-ajax=\"0\" data-multiple=\"0\" data-placeholder=\"Select a country\" data-allow_null=\"0\"><option value=\"AF\">Afghanistan<\/option><option value=\"AL\">Albanien<\/option><option value=\"DZ\">Algeriet<\/option><option value=\"AS\">Amerikansk Samoa<\/option><option value=\"UM\">Amerikanske overs\u00f8iske \u00f8er<\/option><option value=\"AD\">Andorra<\/option><option value=\"AO\">Angola<\/option><option value=\"AI\">Anguilla<\/option><option value=\"AQ\">Antarktis<\/option><option value=\"AG\">Antigua og Barbuda<\/option><option value=\"AR\">Argentina<\/option><option value=\"AM\">Armenien<\/option><option value=\"AW\">Aruba<\/option><option value=\"AC\">Ascension\u00f8en<\/option><option value=\"AZ\">Aserbajdsjan<\/option><option value=\"AU\">Australien<\/option><option value=\"BS\">Bahamas<\/option><option value=\"BH\">Bahrain<\/option><option value=\"BD\">Bangladesh<\/option><option value=\"BB\">Barbados<\/option><option value=\"BE\">Belgien<\/option><option value=\"BZ\">Belize<\/option><option value=\"BJ\">Benin<\/option><option value=\"BM\">Bermuda<\/option><option value=\"BT\">Bhutan<\/option><option value=\"BO\">Bolivia<\/option><option value=\"BA\">Bosnien-Hercegovina<\/option><option value=\"BW\">Botswana<\/option><option value=\"BR\">Brasilien<\/option><option value=\"BN\">Brunei<\/option><option value=\"BG\">Bulgarien<\/option><option value=\"BF\">Burkina Faso<\/option><option value=\"BI\">Burundi<\/option><option value=\"KH\">Cambodja<\/option><option value=\"CM\">Cameroun<\/option><option value=\"CA\">Canada<\/option><option value=\"KY\">Cayman\u00f8erne<\/option><option value=\"EA\">Ceuta og Melilla<\/option><option value=\"CL\">Chile<\/option><option value=\"CC\">Cocos\u00f8erne<\/option><option value=\"CO\">Colombia<\/option><option value=\"KM\">Comorerne<\/option><option value=\"CG\">Congo-Brazzaville<\/option><option value=\"CD\">Congo-Kinshasa<\/option><option value=\"CK\">Cook\u00f8erne<\/option><option value=\"CR\">Costa Rica<\/option><option value=\"CU\">Cuba<\/option><option value=\"CW\">Cura\u00e7ao<\/option><option value=\"CY\">Cypern<\/option><option value=\"DK\">Danmark<\/option><option value=\"VI\">De Amerikanske Jomfru\u00f8er<\/option><option value=\"VG\">De Britiske Jomfru\u00f8er<\/option><option value=\"AE\">De Forenede Arabiske Emirater<\/option><option value=\"TF\">De Franske Besiddelser i Det Sydlige Indiske Ocean<\/option><option value=\"PS\">De pal\u00e6stinensiske omr\u00e5der<\/option><option value=\"BQ\">De tidligere Nederlandske Antiller<\/option><option value=\"CF\">Den Centralafrikanske Republik<\/option><option value=\"DO\">Den Dominikanske Republik<\/option><option value=\"IO\">Det britiske territorium i Det Indiske Ocean<\/option><option value=\"DG\">Diego Garcia<\/option><option value=\"DJ\">Djibouti<\/option><option value=\"DM\">Dominica<\/option><option value=\"EC\">Ecuador<\/option><option value=\"EG\">Egypten<\/option><option value=\"SV\">El Salvador<\/option><option value=\"CI\">Elfenbenskysten<\/option><option value=\"ER\">Eritrea<\/option><option value=\"EE\">Estland<\/option><option value=\"SZ\">Eswatini<\/option><option value=\"ET\">Etiopien<\/option><option value=\"FK\">Falklands\u00f8erne<\/option><option value=\"FJ\">Fiji<\/option><option value=\"PH\">Filippinerne<\/option><option value=\"FI\">Finland<\/option><option value=\"FR\">Frankrig<\/option><option value=\"GF\">Fransk Guyana<\/option><option value=\"PF\">Fransk Polynesien<\/option><option value=\"FO\">F\u00e6r\u00f8erne<\/option><option value=\"GA\">Gabon<\/option><option value=\"GM\">Gambia<\/option><option value=\"GE\">Georgien<\/option><option value=\"GH\">Ghana<\/option><option value=\"GI\">Gibraltar<\/option><option value=\"GD\">Grenada<\/option><option value=\"GR\">Gr\u00e6kenland<\/option><option value=\"GL\">Gr\u00f8nland<\/option><option value=\"GP\">Guadeloupe<\/option><option value=\"GU\">Guam<\/option><option value=\"GT\">Guatemala<\/option><option value=\"GG\">Guernsey<\/option><option value=\"GN\">Guinea<\/option><option value=\"GW\">Guinea-Bissau<\/option><option value=\"GY\">Guyana<\/option><option value=\"HT\">Haiti<\/option><option value=\"NL\">Holland<\/option><option value=\"HN\">Honduras<\/option><option value=\"BY\">Hviderusland<\/option><option value=\"IN\">Indien<\/option><option value=\"ID\">Indonesien<\/option><option value=\"IQ\">Irak<\/option><option value=\"IR\">Iran<\/option><option value=\"IE\">Irland<\/option><option value=\"IS\">Island<\/option><option value=\"IM\">Isle of Man<\/option><option value=\"IL\">Israel<\/option><option value=\"IT\">Italien<\/option><option value=\"JM\">Jamaica<\/option><option value=\"JP\">Japan<\/option><option value=\"JE\">Jersey<\/option><option value=\"JO\">Jordan<\/option><option value=\"CX\">Jule\u00f8en<\/option><option value=\"IC\">Kanariske \u00f8er<\/option><option value=\"CV\">Kap Verde<\/option><option value=\"KZ\">Kasakhstan<\/option><option value=\"KE\">Kenya<\/option><option value=\"CN\">Kina<\/option><option value=\"KG\">Kirgisistan<\/option><option value=\"KI\">Kiribati<\/option><option value=\"XK\">Kosovo<\/option><option value=\"HR\">Kroatien<\/option><option value=\"KW\">Kuwait<\/option><option value=\"LA\">Laos<\/option><option value=\"LS\">Lesotho<\/option><option value=\"LV\">Letland<\/option><option value=\"LB\">Libanon<\/option><option value=\"LR\">Liberia<\/option><option value=\"LY\">Libyen<\/option><option value=\"LI\">Liechtenstein<\/option><option value=\"LT\">Litauen<\/option><option value=\"LU\">Luxembourg<\/option><option value=\"MG\">Madagaskar<\/option><option value=\"MK\">Makedonien<\/option><option value=\"MW\">Malawi<\/option><option value=\"MY\">Malaysia<\/option><option value=\"MV\">Maldiverne<\/option><option value=\"ML\">Mali<\/option><option value=\"MT\">Malta<\/option><option value=\"MA\">Marokko<\/option><option value=\"MH\">Marshall\u00f8erne<\/option><option value=\"MQ\">Martinique<\/option><option value=\"MR\">Mauretanien<\/option><option value=\"MU\">Mauritius<\/option><option value=\"YT\">Mayotte<\/option><option value=\"MX\">Mexico<\/option><option value=\"FM\">Mikronesien<\/option><option value=\"MD\">Moldova<\/option><option value=\"MC\">Monaco<\/option><option value=\"MN\">Mongoliet<\/option><option value=\"ME\">Montenegro<\/option><option value=\"MS\">Montserrat<\/option><option value=\"MZ\">Mozambique<\/option><option value=\"MM\">Myanmar (Burma)<\/option><option value=\"NA\">Namibia<\/option><option value=\"NR\">Nauru<\/option><option value=\"NP\">Nepal<\/option><option value=\"NZ\">New Zealand<\/option><option value=\"NI\">Nicaragua<\/option><option value=\"NE\">Niger<\/option><option value=\"NG\">Nigeria<\/option><option value=\"NU\">Niue<\/option><option value=\"KP\">Nordkorea<\/option><option value=\"MP\">Nordmarianerne<\/option><option value=\"NF\">Norfolk Island<\/option><option value=\"NO\">Norge<\/option><option value=\"NC\">Ny Kaledonien<\/option><option value=\"OM\">Oman<\/option><option value=\"PK\">Pakistan<\/option><option value=\"PW\">Palau<\/option><option value=\"PA\">Panama<\/option><option value=\"PG\">Papua Ny Guinea<\/option><option value=\"PY\">Paraguay<\/option><option value=\"PE\">Peru<\/option><option value=\"PN\">Pitcairn<\/option><option value=\"PL\">Polen<\/option><option value=\"PT\">Portugal<\/option><option value=\"XA\">Pseudo-Accents<\/option><option value=\"XB\">Pseudo-Bidi<\/option><option value=\"PR\">Puerto Rico<\/option><option value=\"QA\">Qatar<\/option><option value=\"RE\">R\u00e9union<\/option><option value=\"RO\">Rum\u00e6nien<\/option><option value=\"RU\">Rusland<\/option><option value=\"RW\">Rwanda<\/option><option value=\"BL\">Saint Barth\u00e9lemy<\/option><option value=\"KN\">Saint Kitts og Nevis<\/option><option value=\"LC\">Saint Lucia<\/option><option value=\"MF\">Saint Martin<\/option><option value=\"PM\">Saint Pierre og Miquelon<\/option><option value=\"VC\">Saint Vincent og Grenadinerne<\/option><option value=\"SB\">Salomon\u00f8erne<\/option><option value=\"WS\">Samoa<\/option><option value=\"SM\">San Marino<\/option><option value=\"ST\">S\u00e3o Tom\u00e9 og Pr\u00edncipe<\/option><option value=\"HK\">SAR Hongkong<\/option><option value=\"MO\">SAR Macao<\/option><option value=\"SA\">Saudi-Arabien<\/option><option value=\"CH\">Schweiz<\/option><option value=\"SN\">Senegal<\/option><option value=\"RS\">Serbien<\/option><option value=\"SC\">Seychellerne<\/option><option value=\"SL\">Sierra Leone<\/option><option value=\"SG\">Singapore<\/option><option value=\"SX\">Sint Maarten<\/option><option value=\"SK\">Slovakiet<\/option><option value=\"SI\">Slovenien<\/option><option value=\"SO\">Somalia<\/option><option value=\"GS\">South Georgia og De Sydlige Sandwich\u00f8er<\/option><option value=\"ES\">Spanien<\/option><option value=\"LK\">Sri Lanka<\/option><option value=\"SH\">St. Helena<\/option><option value=\"GB\">Storbritannien<\/option><option value=\"SD\">Sudan<\/option><option value=\"SR\">Surinam<\/option><option value=\"SJ\">Svalbard og Jan Mayen<\/option><option value=\"SE\">Sverige<\/option><option value=\"ZA\">Sydafrika<\/option><option value=\"KR\">Sydkorea<\/option><option value=\"SS\">Sydsudan<\/option><option value=\"SY\">Syrien<\/option><option value=\"TJ\">Tadsjikistan<\/option><option value=\"TW\">Taiwan<\/option><option value=\"TZ\">Tanzania<\/option><option value=\"TD\">Tchad<\/option><option value=\"TH\">Thailand<\/option><option value=\"TL\">Timor-Leste<\/option><option value=\"CZ\">Tjekkiet<\/option><option value=\"TG\">Togo<\/option><option value=\"TK\">Tokelau<\/option><option value=\"TO\">Tonga<\/option><option value=\"TT\">Trinidad og Tobago<\/option><option value=\"TA\">Tristan da Cunha<\/option><option value=\"TN\">Tunesien<\/option><option value=\"TM\">Turkmenistan<\/option><option value=\"TC\">Turks- og Caicos\u00f8erne<\/option><option value=\"TV\">Tuvalu<\/option><option value=\"TR\">Tyrkiet<\/option><option value=\"DE\">Tyskland<\/option><option value=\"UG\">Uganda<\/option><option value=\"UA\">Ukraine<\/option><option value=\"HU\">Ungarn<\/option><option value=\"UY\">Uruguay<\/option><option value=\"US\">USA<\/option><option value=\"UZ\">Usbekistan<\/option><option value=\"VU\">Vanuatu<\/option><option value=\"VA\">Vatikanstaten<\/option><option value=\"VE\">Venezuela<\/option><option value=\"EH\">Vestsahara<\/option><option value=\"VN\">Vietnam<\/option><option value=\"WF\">Wallis og Futuna<\/option><option value=\"YE\">Yemen<\/option><option value=\"ZM\">Zambia<\/option><option value=\"ZW\">Zimbabwe<\/option><option value=\"GQ\">\u00c6kvatorialguinea<\/option><option value=\"AT\">\u00d8strig<\/option><option value=\"AX\">\u00c5land<\/option><\/select><\/div>\n<\/div>\n<\/div>\t\t<div id=\"cf-turnstile-2342426324\"\r\n\t\tclass=\"cf-turnstile\" \t\tdata-sitekey=\"0x4AAAAAACzkLLO5WALcYLQz\"\r\n\t\tdata-theme=\"light\"\r\n\t\tdata-language=\"auto\"\r\n\t\tdata-size=\"normal\"\r\n\t\tdata-retry=\"auto\" data-retry-interval=\"1000\"\r\n\t\tdata-refresh-expired=\"auto\"\r\n\t\tdata-refresh-timeout=\"auto\"\r\n\t\tdata-action=\"wordpress-register\"\r\n\t\tdata-callback=\"turnstileWPCallback\"\r\n\t\t\t\tdata-appearance=\"always\"><\/div>\r\n\t\t\t<script>document.addEventListener(\"DOMContentLoaded\", function() { setTimeout(function(){ var e=document.getElementById(\"cf-turnstile-2342426324\"); if(e&&!e.innerHTML.trim()){turnstile.render(e, {sitekey:\"0x4AAAAAACzkLLO5WALcYLQz\"});} }, 200); });<\/script>\r\n\t\t\t<br class=\"cf-turnstile-br cf-turnstile-br-2342426324\">\r\n\t\t\t\t<style>#cf-turnstile-2342426324 { margin-left: -15px; }<\/style>\r\n\t\t\t\t\t\t<input name=\"ld_register_id\" value=\"0\" type=\"hidden\" \/>\n\t\t\t\t<input type=\"hidden\" name=\"learndash-registration-form\" value=\"c6b2d7f141\" \/>\n\t\t\t\t<input type=\"hidden\" name=\"redirect_to\" value=\"https:\/\/elearning.youthasd.eu\/da\/registration\/?ld-registered=true&#038;ld_register_id=0\" \/>\n\t\t\t\t<p><input type=\"submit\" name=\"wp-submit\" id=\"wp-submit\" class=\"button button-primary button-large\" value=\"Registrer dig \" \/><\/p>\n\t\t\t<\/form>\n\t\t\t\t<\/div><\/div><\/div>","protected":false},"excerpt":{"rendered":"","protected":false},"author":1,"featured_media":0,"parent":0,"menu_order":0,"comment_status":"closed","ping_status":"closed","template":"","meta":{"_acf_changed":false,"footnotes":""},"class_list":["post-1033","page","type-page","status-publish","hentry"],"acf":[],"_links":{"self":[{"href":"https:\/\/elearning.youthasd.eu\/da\/wp-json\/wp\/v2\/pages\/1033","targetHints":{"allow":["GET"]}}],"collection":[{"href":"https:\/\/elearning.youthasd.eu\/da\/wp-json\/wp\/v2\/pages"}],"about":[{"href":"https:\/\/elearning.youthasd.eu\/da\/wp-json\/wp\/v2\/types\/page"}],"author":[{"embeddable":true,"href":"https:\/\/elearning.youthasd.eu\/da\/wp-json\/wp\/v2\/users\/1"}],"replies":[{"embeddable":true,"href":"https:\/\/elearning.youthasd.eu\/da\/wp-json\/wp\/v2\/comments?post=1033"}],"version-history":[{"count":2,"href":"https:\/\/elearning.youthasd.eu\/da\/wp-json\/wp\/v2\/pages\/1033\/revisions"}],"predecessor-version":[{"id":1447,"href":"https:\/\/elearning.youthasd.eu\/da\/wp-json\/wp\/v2\/pages\/1033\/revisions\/1447"}],"wp:attachment":[{"href":"https:\/\/elearning.youthasd.eu\/da\/wp-json\/wp\/v2\/media?parent=1033"}],"curies":[{"name":"wp","href":"https:\/\/api.w.org\/{rel}","templated":true}]}}