{"id":1020,"date":"2022-11-14T12:06:33","date_gmt":"2022-11-14T10:06:33","guid":{"rendered":"https:\/\/elearning.youthasd.eu\/home\/"},"modified":"2024-03-13T12:03:26","modified_gmt":"2024-03-13T12:03:26","slug":"home","status":"publish","type":"page","link":"https:\/\/elearning.youthasd.eu\/es\/","title":{"rendered":"Home"},"content":{"rendered":"<h1><strong>Capacitaci\u00f3n de organizaciones juveniles para la inclusi\u00f3n de personas con TEA<\/strong><\/h1>\n<div>\n<p>Hay una falta de recursos para las organizaciones juveniles y los educadores en relaci\u00f3n con los Trastornos del Espectro Autista (TEA) y en c\u00f3mo incluir a j\u00f3venes con TEA en sus actividades. Esta plataforma de aprendizaje en l\u00ednea tiene como objetivo capacitar a los educadores con material y metodolog\u00edas relacionadas con el TEA, pero tambi\u00e9n ofrecer\u00e1 recursos a las organizaciones juveniles, como plantillas y pautas, para que puedan crear su propia estrategia de inclusi\u00f3n.<\/p>\n<\/div>\n<div>\n<p><a href=\"https:\/\/elearning.youthasd.eu\/es\/registration\/\">Iniciar sesi\u00f3n <\/a>para acceder al contenido de la plataforma de e-learning.<\/p>\n<\/div>\n<p><img decoding=\"async\" src=\"\/wp-content\/uploads\/2023\/07\/intro-image.png\" alt=\"\"><br \/>\n<img decoding=\"async\" src=\"\/wp-content\/uploads\/2023\/07\/section-bcg.png\" alt=\"\"><\/p>\n<ul>\n<li>\n<\/li>\n<li>\n<p>        <img decoding=\"async\" src=\"\/wp-content\/uploads\/2023\/07\/newicons-09.png\" alt=\"\"><\/p>\n<h4>Recursos educativos libres<\/h4>\n<p><a href=\"\/es\/open-educational-resources\/\"><\/a><\/p>\n<\/li>\n<\/ul>\n<p><!--more--><br \/>\n<!-- {\"type\":\"layout\",\"children\":[{\"type\":\"section\",\"props\":{\"class\":\"hero-sec\",\"image\":\"\",\"image_position\":\"bottom-center\",\"image_size\":\"width-1-1\",\"padding_remove_bottom\":false,\"padding_remove_top\":false,\"style\":\"default\",\"title_breakpoint\":\"xl\",\"title_position\":\"top-left\",\"title_rotation\":\"left\",\"vertical_align\":\"\",\"width\":\"default\"},\"children\":[{\"type\":\"row\",\"children\":[{\"type\":\"column\",\"props\":{\"image_position\":\"center-center\",\"media_overlay_gradient\":\"\",\"position_sticky_breakpoint\":\"m\",\"vertical_align\":\"middle\",\"width_medium\":\"1-2\"},\"children\":[{\"type\":\"headline\",\"props\":{\"content\":\"<strong>Capacitaci\\u00f3n de organizaciones juveniles para la inclusi\\u00f3n de personas con TEA<\\\/strong>\",\"title_color\":\"emphasis\",\"title_element\":\"h1\"}},{\"type\":\"text\",\"props\":{\"column_breakpoint\":\"m\",\"content\":\"\n\n<p>Hay una falta de recursos para las organizaciones juveniles y los educadores en relaci\\u00f3n con los Trastornos del Espectro Autista (TEA) y en c\\u00f3mo incluir a j\\u00f3venes con TEA en sus actividades. Esta plataforma de aprendizaje en l\\u00ednea tiene como objetivo capacitar a los educadores con material y metodolog\\u00edas relacionadas con el TEA, pero tambi\\u00e9n ofrecer\\u00e1 recursos a las organizaciones juveniles, como plantillas y pautas, para que puedan crear su propia estrategia de inclusi\\u00f3n.<\\\/p>\",\"css\":\".el-element {\\n    color:#000;\\n}   \",\"margin\":\"default\"}},{\"type\":\"text\",\"props\":{\"class\":\"logintext \",\"column_breakpoint\":\"m\",\"content\":\"\n\n<p><a href=\\\"https:\\\/\\\/elearning.youthasd.eu\\\/es\\\/registration\\\/\\\">Iniciar sesi\\u00f3n <\\\/a>para acceder al contenido de la plataforma de e-learning.<\\\/p>\",\"css\":\".el-element {\\n    color:#000;\\n} \",\"margin\":\"default\"}}]},{\"type\":\"column\",\"props\":{\"image_position\":\"center-center\",\"media_overlay_gradient\":\"\",\"position_sticky_breakpoint\":\"m\",\"width_medium\":\"1-2\"},\"children\":[{\"type\":\"image\",\"props\":{\"class\":\"hero-image1\",\"css\":\".el-element {\\n    z-index:-1;\\n}\",\"image\":\"wp-content\\\/uploads\\\/2023\\\/07\\\/intro-image.png\",\"image_svg_color\":\"emphasis\",\"margin\":\"default\"},\"name\":\"\"}]}],\"props\":{\"class\":\"headlinetext-image\",\"column_gap\":\"medium\",\"css\":\".el-row {\\n   \\tmargin-bottom:100px;\\n\\tposition:relative; \\n\\tbottom:50px;\\n}    \",\"layout\":\"1-2,1-2\",\"margin_remove_bottom\":true,\"margin_remove_top\":false}}],\"name\":\"Hero\"},{\"type\":\"section\",\"props\":{\"class\":\"\",\"css\":\".el-section {\\n    position:relative;\\n}\",\"image_position\":\"center-center\",\"padding_remove_bottom\":false,\"padding_remove_top\":true,\"style\":\"default\",\"title_breakpoint\":\"xl\",\"title_position\":\"top-left\",\"title_rotation\":\"left\",\"vertical_align\":\"middle\",\"width\":\"\"},\"children\":[{\"type\":\"row\",\"props\":{\"column_gap\":\"collapse\",\"margin_remove_bottom\":true,\"margin_remove_top\":true,\"row_gap\":\"collapse\"},\"children\":[{\"type\":\"column\",\"props\":{\"image_position\":\"center-center\",\"media_overlay_gradient\":\"\",\"position_sticky_breakpoint\":\"m\"},\"children\":[{\"type\":\"image\",\"props\":{\"class\":\"grid-wave\",\"css\":\".el-image {\\n   \\tposition: absolute;\\n\\tleft: 0;\\n\\tbottom: 0;\\n\\twidth: 100%;\\n}\",\"image\":\"wp-content\\\/uploads\\\/2023\\\/07\\\/section-bcg.png\",\"image_svg_color\":\"emphasis\",\"margin\":\"default\"}}]}]}],\"name\":\"Grid wave image\"},{\"type\":\"section\",\"props\":{\"animation\":\"fade\",\"animation_delay\":\"200\",\"class\":\"herosec-grid\",\"css\":\".el-section {\\n    background-color:#66c3d6;\\n}\",\"image\":\"\",\"image_position\":\"top-center\",\"image_size\":\"width-1-1\",\"style\":\"default\",\"title_breakpoint\":\"xl\",\"title_position\":\"top-left\",\"title_rotation\":\"left\",\"vertical_align\":\"middle\",\"width\":\"default\"},\"children\":[{\"type\":\"row\",\"children\":[{\"type\":\"column\",\"props\":{\"image_position\":\"center-center\",\"media_overlay_gradient\":\"\",\"position_sticky_breakpoint\":\"m\"},\"children\":[{\"type\":\"grid\",\"props\":{\"class\":\"visible_to_logged_in\",\"content_column_breakpoint\":\"m\",\"css\":\".el-item {\\n  \\tborder-radius:20px 20px;\\n  \\tbackground-color:#fff;\\n    padding:40px 20px 40px 20px;\\n    box-shadow: 5px 5px 10px #3C434A;\\n}\\n\",\"filter_align\":\"left\",\"filter_all\":true,\"filter_grid_breakpoint\":\"m\",\"filter_grid_width\":\"auto\",\"filter_position\":\"top\",\"filter_style\":\"tab\",\"grid_column_align\":false,\"grid_default\":\"1\",\"grid_masonry\":false,\"grid_medium\":\"4\",\"grid_row_align\":false,\"icon_width\":80,\"image_align\":\"top\",\"image_grid_breakpoint\":\"m\",\"image_grid_width\":\"1-2\",\"image_link\":false,\"image_loading\":false,\"image_svg_color\":\"emphasis\",\"image_transition_border\":false,\"item_animation\":true,\"lightbox\":false,\"lightbox_image_width\":\"200\",\"link_style\":\"default\",\"link_text\":\"\",\"margin\":\"default\",\"margin_remove_top\":false,\"meta_align\":\"below-title\",\"meta_element\":\"div\",\"meta_style\":\"text-meta\",\"panel_link\":true,\"panel_padding\":\"default\",\"panel_style\":\"card-hover\",\"show_content\":true,\"show_image\":true,\"show_link\":true,\"show_meta\":true,\"show_title\":true,\"text_align\":\"center\",\"title_align\":\"top\",\"title_color\":\"emphasis\",\"title_element\":\"h4\",\"title_grid_breakpoint\":\"m\",\"title_grid_width\":\"1-2\",\"title_hover_style\":\"heading\",\"title_link\":true,\"title_style\":\"h4\"},\"children\":[{\"type\":\"grid_item\",\"source\":{\"query\":{\"name\":\"sfwdCoursess.customSfwdCoursess\",\"arguments\":{\"terms\":[],\"ld_course_category_operator\":\"IN\",\"ld_course_tag_operator\":\"IN\",\"users\":[],\"users_operator\":\"IN\",\"offset\":0,\"limit\":10,\"order\":\"date\",\"order_direction\":\"ASC\"}},\"props\":{\"title\":{\"filters\":{\"search\":\"\"},\"name\":\"title\"},\"image\":{\"filters\":{\"search\":\"\"},\"name\":\"featuredImage.url\"},\"link\":{\"filters\":{\"search\":\"\"},\"name\":\"link\"}}}},{\"type\":\"grid_item\",\"props\":{\"image\":\"wp-content\\\/uploads\\\/2023\\\/07\\\/newicons-09.png\",\"link\":\"es\\\/open-educational-resources\\\/\",\"title\":\"Recursos educativos libres\"}}],\"name\":\"\"}]}],\"props\":{\"margin\":\"large\",\"margin_remove_top\":true,\"match\":true}},{\"type\":\"row\",\"children\":[{\"type\":\"column\",\"props\":{\"image_position\":\"center-center\",\"media_overlay_gradient\":\"\",\"position_sticky_breakpoint\":\"m\"},\"children\":[]}]}],\"name\":\"Grid\"}],\"version\":\"3.0.10\"} --><\/p>\n","protected":false},"excerpt":{"rendered":"<p>Capacitaci\u00f3n de organizaciones juveniles para la inclusi\u00f3n de personas con TEA Hay una falta de recursos para las organizaciones juveniles y los educadores en relaci\u00f3n..<\/p>\n","protected":false},"author":1,"featured_media":0,"parent":0,"menu_order":0,"comment_status":"closed","ping_status":"closed","template":"","meta":{"_acf_changed":false,"footnotes":""},"class_list":["post-1020","page","type-page","status-publish","hentry"],"acf":[],"_links":{"self":[{"href":"https:\/\/elearning.youthasd.eu\/es\/wp-json\/wp\/v2\/pages\/1020","targetHints":{"allow":["GET"]}}],"collection":[{"href":"https:\/\/elearning.youthasd.eu\/es\/wp-json\/wp\/v2\/pages"}],"about":[{"href":"https:\/\/elearning.youthasd.eu\/es\/wp-json\/wp\/v2\/types\/page"}],"author":[{"embeddable":true,"href":"https:\/\/elearning.youthasd.eu\/es\/wp-json\/wp\/v2\/users\/1"}],"replies":[{"embeddable":true,"href":"https:\/\/elearning.youthasd.eu\/es\/wp-json\/wp\/v2\/comments?post=1020"}],"version-history":[{"count":17,"href":"https:\/\/elearning.youthasd.eu\/es\/wp-json\/wp\/v2\/pages\/1020\/revisions"}],"predecessor-version":[{"id":2456,"href":"https:\/\/elearning.youthasd.eu\/es\/wp-json\/wp\/v2\/pages\/1020\/revisions\/2456"}],"wp:attachment":[{"href":"https:\/\/elearning.youthasd.eu\/es\/wp-json\/wp\/v2\/media?parent=1020"}],"curies":[{"name":"wp","href":"https:\/\/api.w.org\/{rel}","templated":true}]}}